{"id":3,"date":"2023-06-10T16:32:48","date_gmt":"2023-06-10T19:32:48","guid":{"rendered":"https:\/\/procurafood.com\/?page_id=3"},"modified":"2023-07-01T22:30:29","modified_gmt":"2023-07-02T01:30:29","slug":"politica-de-privacidade","status":"publish","type":"page","link":"https:\/\/procurafood.com\/index.php\/politica-de-privacidade\/","title":{"rendered":"Pol\u00edtica de privacidade"},"content":{"rendered":"\n<h2 class=\"wp-block-heading\">Quem somos<\/h2>\n\n\n\n<p>O endere\u00e7o do nosso site \u00e9: https:\/\/procurafood.com.<\/p>\n\n\n\n<h2 class=\"wp-block-heading\">Coment\u00e1rios<\/h2>\n\n\n\n<p>Quando os visitantes deixam coment\u00e1rios no site, coletamos os dados mostrados no formul\u00e1rio de coment\u00e1rios, al\u00e9m do endere\u00e7o de IP e de dados do navegador do visitante, para auxiliar na detec\u00e7\u00e3o de spam.<\/p>\n\n\n\n<h2 class=\"wp-block-heading\">M\u00eddia<\/h2>\n\n\n\n<p>Se voc\u00ea envia imagens para o site, evite enviar as que contenham dados de localiza\u00e7\u00e3o incorporados (EXIF GPS). Visitantes podem baixar estas imagens do site e extrair delas seus dados de localiza\u00e7\u00e3o.<\/p>\n\n\n\n<h2 class=\"wp-block-heading\">Cookies<\/h2>\n\n\n\n<p>Ao deixar um coment\u00e1rio no site, voc\u00ea poder\u00e1 optar por salvar seu nome, e-mail e site nos cookies. Isso visa seu conforto, assim voc\u00ea n\u00e3o precisar\u00e1 preencher seus  dados novamente quando fizer outro coment\u00e1rio. Estes cookies duram um ano.<\/p>\n\n\n\n<p>Se voc\u00ea tem uma conta e acessa este site, um cookie tempor\u00e1rio ser\u00e1 criado para determinar se seu navegador aceita cookies. Ele n\u00e3o cont\u00e9m nenhum dado pessoal e ser\u00e1 descartado quando voc\u00ea fechar seu navegador.<\/p>\n\n\n\n<p>Quando voc\u00ea acessa sua conta no site, tamb\u00e9m criamos v\u00e1rios cookies para salvar os dados da sua conta e suas escolhas de exibi\u00e7\u00e3o de tela. Cookies de login s\u00e3o mantidos por dois dias e cookies de op\u00e7\u00f5es de tela por um ano. Se voc\u00ea selecionar &#8220;Lembrar-me&#8221;, seu acesso ser\u00e1 mantido por duas semanas. Se voc\u00ea se desconectar da sua conta, os cookies de login ser\u00e3o removidos.<\/p>\n\n\n\n<p>Se voc\u00ea editar ou publicar um artigo, um cookie adicional ser\u00e1 salvo no seu navegador. Este cookie n\u00e3o inclui nenhum dado pessoal e simplesmente indica o ID do post referente ao artigo que voc\u00ea acabou de editar. Ele expira depois de 1 dia.<\/p>\n\n\n\n<h2 class=\"wp-block-heading\">M\u00eddia incorporada de outros sites<\/h2>\n\n\n\n<p>Artigos neste site podem incluir conte\u00fado incorporado como, por exemplo, v\u00eddeos, imagens, artigos, etc. Conte\u00fados incorporados de outros sites se comportam exatamente da mesma forma como se o visitante estivesse visitando o outro site.<\/p>\n\n\n\n<p>Estes sites podem coletar dados sobre voc\u00ea, usar cookies, incorporar rastreamento adicional de terceiros e monitorar sua intera\u00e7\u00e3o com este conte\u00fado incorporado, incluindo sua intera\u00e7\u00e3o com o conte\u00fado incorporado se voc\u00ea tem uma conta e est\u00e1 conectado com o site.<\/p>\n\n\n\n<h2 class=\"wp-block-heading\">Coleta de Informa\u00e7\u00f5es Pessoais <\/h2>\n\n\n\n<p>Quando voc\u00ea utiliza nosso site, coletamos determinadas informa\u00e7\u00f5es pessoais que voc\u00ea nos fornece voluntariamente. Isso pode incluir seu nome, endere\u00e7o de e-mail, informa\u00e7\u00f5es de contato e qualquer outra informa\u00e7\u00e3o pessoal que voc\u00ea opte por nos fornecer.<\/p>\n\n\n\n<p>Al\u00e9m disso, os propriet\u00e1rios de estabelecimentos podem criar listagens para seus locais e fornecer informa\u00e7\u00f5es adicionais, como nome comercial, endere\u00e7o, n\u00famero de telefone, hor\u00e1rio de funcionamento e outros detalhes relevantes. Essas informa\u00e7\u00f5es podem ser consideradas pessoais dependendo do contexto e da legisla\u00e7\u00e3o aplic\u00e1vel.<\/p>\n\n\n\n<h2 class=\"wp-block-heading\">Uso das Informa\u00e7\u00f5es Pessoais <\/h2>\n\n\n\n<p>As informa\u00e7\u00f5es pessoais coletadas s\u00e3o utilizadas para fornecer os servi\u00e7os oferecidos pelo site. Isso inclui a exibi\u00e7\u00e3o de listagens de estabelecimentos, permitir que os propriet\u00e1rios anunciem e vendam produtos, permitir que os usu\u00e1rios comentem, consultem e comprem produtos, bem como a capacidade de postar fotos.<\/p>\n\n\n\n<p>Al\u00e9m disso, podemos usar as informa\u00e7\u00f5es pessoais fornecidas para entrar em contato com voc\u00ea com fins de suporte, notifica\u00e7\u00f5es relacionadas ao site ou marketing, desde que voc\u00ea tenha consentido com isso.<\/p>\n\n\n\n<h2 class=\"wp-block-heading\">Compartilhamento de Informa\u00e7\u00f5es Pessoais <\/h2>\n\n\n\n<p>As informa\u00e7\u00f5es pessoais fornecidas pelos usu\u00e1rios n\u00e3o ser\u00e3o vendidas, alugadas ou compartilhadas com terceiros para fins de marketing sem o seu consentimento expresso.<\/p>\n\n\n\n<p>No entanto, \u00e9 importante destacar que as informa\u00e7\u00f5es fornecidas pelos propriet\u00e1rios de estabelecimentos, como listagens e informa\u00e7\u00f5es adicionais sobre seus locais, ser\u00e3o exibidas publicamente no site. Portanto, ao criar uma listagem, os propriet\u00e1rios devem estar cientes de que as informa\u00e7\u00f5es compartilhadas poder\u00e3o ser visualizadas por outros usu\u00e1rios do site.<\/p>\n\n\n\n<p>Tamb\u00e9m podemos compartilhar informa\u00e7\u00f5es pessoais em casos em que acreditamos ser necess\u00e1rio cumprir uma obriga\u00e7\u00e3o legal, proteger nossos direitos, propriedade ou seguran\u00e7a, ou investigar atividades fraudulentas ou suspeitas.<\/p>\n\n\n\n<h2 class=\"wp-block-heading\">Por quanto tempo mantemos os seus dados<\/h2>\n\n\n\n<p>Se voc\u00ea deixar um coment\u00e1rio, o coment\u00e1rio e os seus metadados s\u00e3o conservados indefinidamente. Fazemos isso para que seja poss\u00edvel reconhecer e aprovar automaticamente qualquer coment\u00e1rio posterior ao inv\u00e9s de ret\u00ea-lo para modera\u00e7\u00e3o.<\/p>\n\n\n\n<p>Para usu\u00e1rios que se registram no nosso site (se houver), tamb\u00e9m guardamos as informa\u00e7\u00f5es pessoais que fornecem no seu perfil de usu\u00e1rio. Todos os usu\u00e1rios podem ver, editar ou excluir suas informa\u00e7\u00f5es pessoais a qualquer momento (s\u00f3 n\u00e3o \u00e9 poss\u00edvel alterar o seu username). Os administradores de sites tamb\u00e9m podem ver e editar estas informa\u00e7\u00f5es.<\/p>\n\n\n\n<h2 class=\"wp-block-heading\">Quais os seus direitos sobre seus dados<\/h2>\n\n\n\n<p>Se voc\u00ea tiver uma conta neste site ou se tiver deixado coment\u00e1rios, pode solicitar um arquivo exportado dos dados pessoais que mantemos sobre voc\u00ea, inclusive quaisquer dados que nos tenha fornecido. Tamb\u00e9m pode solicitar que removamos qualquer dado pessoal que mantemos sobre voc\u00ea. Isto n\u00e3o inclui nenhuns dados que somos obrigados a manter para prop\u00f3sitos administrativos, legais ou de seguran\u00e7a.<\/p>\n\n\n\n<h2 class=\"wp-block-heading\">Para onde seus dados s\u00e3o enviados<\/h2>\n\n\n\n<p>Coment\u00e1rios de visitantes podem ser marcados por um servi\u00e7o autom\u00e1tico de detec\u00e7\u00e3o de spam.<\/p>\n","protected":false},"excerpt":{"rendered":"<p>Quem somos O endere\u00e7o do nosso site \u00e9: https:\/\/procurafood.com. Coment\u00e1rios Quando os visitantes deixam coment\u00e1rios no site, coletamos os dados mostrados no formul\u00e1rio de coment\u00e1rios, al\u00e9m do endere\u00e7o de IP e de dados do navegador do visitante, para auxiliar na detec\u00e7\u00e3o de spam. M\u00eddia Se voc\u00ea envia imagens para o site, evite enviar as que [&hellip;]<\/p>\n","protected":false},"author":1,"featured_media":0,"parent":0,"menu_order":0,"comment_status":"closed","ping_status":"closed","template":"","meta":{"footnotes":""},"class_list":["post-3","page","type-page","status-publish","hentry"],"jetpack_sharing_enabled":true,"_links":{"self":[{"href":"https:\/\/procurafood.com\/index.php\/wp-json\/wp\/v2\/pages\/3","targetHints":{"allow":["GET"]}}],"collection":[{"href":"https:\/\/procurafood.com\/index.php\/wp-json\/wp\/v2\/pages"}],"about":[{"href":"https:\/\/procurafood.com\/index.php\/wp-json\/wp\/v2\/types\/page"}],"author":[{"embeddable":true,"href":"https:\/\/procurafood.com\/index.php\/wp-json\/wp\/v2\/users\/1"}],"replies":[{"embeddable":true,"href":"https:\/\/procurafood.com\/index.php\/wp-json\/wp\/v2\/comments?post=3"}],"version-history":[{"count":0,"href":"https:\/\/procurafood.com\/index.php\/wp-json\/wp\/v2\/pages\/3\/revisions"}],"wp:attachment":[{"href":"https:\/\/procurafood.com\/index.php\/wp-json\/wp\/v2\/media?parent=3"}],"curies":[{"name":"wp","href":"https:\/\/api.w.org\/{rel}","templated":true}]}}